{"id":5611,"date":"2014-03-19T12:09:04","date_gmt":"2014-03-19T11:09:04","guid":{"rendered":"https:\/\/www.norbou.com\/kontakt\/"},"modified":"2024-06-16T09:04:33","modified_gmt":"2024-06-16T08:04:33","slug":"kontakt","status":"publish","type":"page","link":"https:\/\/www.norbou.com\/en\/kontakt\/","title":{"rendered":"Contact"},"content":{"rendered":"<section class=\"ffb-id-2ci7tshi fg-section fg-text-dark\"><div class=\"fg-container container fg-container-large fg-container-lvl--1 \"><div class=\"fg-row row    \" ><div class=\"ffb-id-2ci7tshj fg-col col-xs-12 col-md-6 fg-text-dark\"><section class=\"ffb-id-2ci805ds team-v9 text-center fg-text-dark\"><div class=\"team-v9-img-wrap radius-circle\"><div class=\"team-v9-img-effect radius-b-circle\"><img data-opt-id=290698727  fetchpriority=\"high\" decoding=\"async\" width=\"200\" height=\"200\" class=\"fg-image team-v9-img radius-circle img-responsive fg-text-dark ffb-image\" src=\"https:\/\/mllfhzvijkwd.i.optimole.com\/cb:kiJh~1f23d\/w:auto\/h:auto\/q:mauto\/f:best\/https:\/\/www.norbou.com\/wp-content\/uploads\/2024\/06\/me137sqr.png\" alt=\"me137sqr\"><\/div><\/div><h4 class=\"team-v9-name fg-text-dark ffb-name-1\">Ji\u0159\u00ed Proch\u00e1zka<\/h4><span class=\"team-v9-position fg-text-dark ffb-position-2\">Designer, ICT consultant<\/span><\/section><div class=\"ffb-id-2ci843jf fg-paragraph ff-richtext text-center    fg-text-dark\"><\/p>\n<p><span id=\"phone-number\"><\/span><script type=\"text\/javascript\">var encodedPhone = \"%2B420%20603%20874%20917\";document.getElementById(\"phone-number\").innerHTML = decodeURIComponent(encodedPhone);<\/script><\/p>\n<p>Kosteln\u00ed 24\/859<br \/>170&nbsp;00 Prague 7<\/p>\n<p><\/div><div class=\"ffb-id-5370jmel fg-paragraph ff-richtext text-center    fg-text-dark\"><\/p>\n<p>I\u010c:&nbsp;69270881<br \/>Data box: FTBZWWM<\/p>\n<p><\/div><\/div><div class=\"ffb-id-2ci7tshk fg-col col-xs-12 col-md-6 fg-text-dark\"><div class=\"ffb-id-pk3copb fg-paragraph ff-richtext text-center text-sm-center text-md-left text-lg-left fg-text-dark\"><\/p>\n<p>Please contact me using the form:<\/p>\n<p>\n<div class=\"wpcf7 no-js\" id=\"wpcf7-f5813-o1\" lang=\"en-US\" dir=\"ltr\" data-wpcf7-id=\"5813\">\n<div class=\"screen-reader-response\"><p role=\"status\" aria-live=\"polite\" aria-atomic=\"true\"><\/p> <ul><\/ul><\/div>\n<form action=\"\/en\/wp-json\/wp\/v2\/pages\/5611#wpcf7-f5813-o1\" method=\"post\" class=\"wpcf7-form init\" aria-label=\"Contact form\" novalidate=\"novalidate\" data-status=\"init\">\n<fieldset class=\"hidden-fields-container\"><input type=\"hidden\" name=\"_wpcf7\" value=\"5813\" \/><input type=\"hidden\" name=\"_wpcf7_version\" value=\"6.1.5\" \/><input type=\"hidden\" name=\"_wpcf7_locale\" value=\"en_US\" \/><input type=\"hidden\" name=\"_wpcf7_unit_tag\" value=\"wpcf7-f5813-o1\" \/><input type=\"hidden\" name=\"_wpcf7_container_post\" value=\"0\" \/><input type=\"hidden\" name=\"_wpcf7_posted_data_hash\" value=\"\" \/><input type=\"hidden\" name=\"_wpcf7cf_hidden_group_fields\" value=\"[]\" \/><input type=\"hidden\" name=\"_wpcf7cf_hidden_groups\" value=\"[]\" \/><input type=\"hidden\" name=\"_wpcf7cf_visible_groups\" value=\"[]\" \/><input type=\"hidden\" name=\"_wpcf7cf_repeaters\" value=\"[]\" \/><input type=\"hidden\" name=\"_wpcf7cf_steps\" value=\"{}\" \/><input type=\"hidden\" name=\"_wpcf7cf_options\" value=\"{&quot;form_id&quot;:5813,&quot;conditions&quot;:[],&quot;settings&quot;:{&quot;animation&quot;:&quot;yes&quot;,&quot;animation_intime&quot;:200,&quot;animation_outtime&quot;:200,&quot;conditions_ui&quot;:&quot;normal&quot;,&quot;notice_dismissed&quot;:false,&quot;notice_dismissed_rollback-cf7-5.8.5&quot;:true}}\" \/>\n<\/fieldset>\n<p>Your name (required)\n<\/p>\n<p><span class=\"wpcf7-form-control-wrap\" data-name=\"your-name\"><input size=\"40\" maxlength=\"400\" class=\"wpcf7-form-control wpcf7-text wpcf7-validates-as-required\" aria-required=\"true\" aria-invalid=\"false\" value=\"\" type=\"text\" name=\"your-name\" \/><\/span>\n<\/p>\n<p>Your email (required)\n<\/p>\n<p><span class=\"wpcf7-form-control-wrap\" data-name=\"your-email\"><input size=\"40\" maxlength=\"400\" class=\"wpcf7-form-control wpcf7-email wpcf7-validates-as-required wpcf7-text wpcf7-validates-as-email\" aria-required=\"true\" aria-invalid=\"false\" value=\"\" type=\"email\" name=\"your-email\" \/><\/span>\n<\/p>\n<p>Subject\n<\/p>\n<p><span class=\"wpcf7-form-control-wrap\" data-name=\"your-subject\"><input size=\"40\" maxlength=\"400\" class=\"wpcf7-form-control wpcf7-text wpcf7-validates-as-required\" aria-required=\"true\" aria-invalid=\"false\" value=\"\" type=\"text\" name=\"your-subject\" \/><\/span>\n<\/p>\n<p>Your message\n<\/p>\n<p><span class=\"wpcf7-form-control-wrap\" data-name=\"your-message\"><textarea cols=\"40\" rows=\"10\" maxlength=\"2000\" class=\"wpcf7-form-control wpcf7-textarea\" aria-invalid=\"false\" name=\"your-message\"><\/textarea><\/span>\n<\/p>\n<p><span class=\"wpcf7-form-control-wrap\" data-name=\"quiz-180\"><label><span class=\"wpcf7-quiz-label\">Which is the color of the sky?<\/span> <input size=\"40\" class=\"wpcf7-form-control wpcf7-quiz\" autocomplete=\"off\" aria-required=\"true\" aria-invalid=\"false\" type=\"text\" name=\"quiz-180\" \/><\/label><input type=\"hidden\" name=\"_wpcf7_quiz_answer_quiz-180\" value=\"fbc96f89d6d6cbc40298a0b04a2cb3f0\" \/><\/span><br \/>\n<span id=\"wpcf7-69ef9049ba770-wrapper\" class=\"wpcf7-form-control-wrap captcha2-wrap\" style=\"display:none !important; visibility:hidden !important;\"><label for=\"wpcf7-69ef9049ba770-field\" class=\"hp-message\">Please leave this field empty.<\/label><input id=\"wpcf7-69ef9049ba770-field\"  class=\"wpcf7-form-control wpcf7-text\" type=\"text\" name=\"captcha2\" value=\"\" size=\"40\" tabindex=\"-1\" autocomplete=\"new-password\" \/><\/span><span id=\"wpcf7-69ef9049ba7ac-wrapper\" class=\"wpcf7-form-control-wrap recaptcha2-wrap\" style=\"display:none !important; visibility:hidden !important;\"><label for=\"wpcf7-69ef9049ba7ac-field\" class=\"hp-message\">Please leave this field empty.<\/label><input id=\"wpcf7-69ef9049ba7ac-field\"  class=\"wpcf7-form-control wpcf7-text\" type=\"text\" name=\"recaptcha2\" value=\"\" size=\"40\" tabindex=\"-1\" autocomplete=\"new-password\" \/><\/span><span id=\"wpcf7-69ef9049ba7d8-wrapper\" class=\"wpcf7-form-control-wrap website2-wrap\" style=\"display:none !important; visibility:hidden !important;\"><label for=\"wpcf7-69ef9049ba7d8-field\" class=\"hp-message\">Please leave this field empty.<\/label><input id=\"wpcf7-69ef9049ba7d8-field\"  class=\"wpcf7-form-control wpcf7-text\" type=\"text\" name=\"website2\" value=\"\" size=\"40\" tabindex=\"-1\" autocomplete=\"new-password\" \/><\/span>\n<\/p>\n<p><input class=\"wpcf7-form-control wpcf7-submit has-spinner\" type=\"submit\" value=\"Send\" \/>\n<\/p><div class=\"wpcf7-response-output\" aria-hidden=\"true\"><\/div>\n<\/form>\n<\/div>\n<\/p>\n<p><\/div><\/div><\/div><\/div><\/section><style>.ffb-id-2ci805ds  .team-v9-img-wrap{ background-color: #ffffff;}.ffb-id-2ci805ds  .team-v9-img-wrap{ box-shadow: 0 2px 5px 2px #f2f4f9;}.ffb-id-2ci805ds  .team-v9-img-wrap{ padding: 6px;}.ffb-id-2ci805ds  .team-v9-socials{ padding: 6px;}.ffb-id-2ci805ds  .team-v9-img-wrap:hover .team-v9-img-effect:before{ background-color: rgba(52,52,60,0.5);}<\/style><script type=\"text\/javascript\"><\/script>\n","protected":false},"excerpt":{"rendered":"","protected":false},"author":1,"featured_media":0,"parent":0,"menu_order":0,"comment_status":"closed","ping_status":"closed","template":"","meta":{"_uag_custom_page_level_css":"","footnotes":""},"class_list":["post-5611","page","type-page","status-publish","hentry","post-wrapper"],"yoast_head":"<!-- This site is optimized with the Yoast SEO plugin v24.7 - https:\/\/yoast.com\/wordpress\/plugins\/seo\/ -->\n<title>Contact - Norbou ICT<\/title>\n<meta name=\"robots\" content=\"index, follow, max-snippet:-1, max-image-preview:large, max-video-preview:-1\" \/>\n<link rel=\"canonical\" href=\"https:\/\/www.norbou.com\/en\/kontakt\/\" \/>\n<meta property=\"og:locale\" content=\"en_US\" \/>\n<meta property=\"og:type\" content=\"article\" \/>\n<meta property=\"og:title\" content=\"Contact - Norbou ICT\" \/>\n<meta property=\"og:url\" content=\"https:\/\/www.norbou.com\/en\/kontakt\/\" \/>\n<meta property=\"og:site_name\" content=\"Norbou ICT\" \/>\n<meta property=\"article:modified_time\" content=\"2024-06-16T08:04:33+00:00\" \/>\n<meta name=\"twitter:card\" content=\"summary_large_image\" \/>\n<meta name=\"twitter:label1\" content=\"Est. reading time\" \/>\n\t<meta name=\"twitter:data1\" content=\"3 minutes\" \/>\n<script type=\"application\/ld+json\" class=\"yoast-schema-graph\">{\"@context\":\"https:\/\/schema.org\",\"@graph\":[{\"@type\":\"WebPage\",\"@id\":\"https:\/\/www.norbou.com\/en\/kontakt\/\",\"url\":\"https:\/\/www.norbou.com\/en\/kontakt\/\",\"name\":\"Contact - Norbou ICT\",\"isPartOf\":{\"@id\":\"https:\/\/www.norbou.com\/en\/#website\"},\"datePublished\":\"2014-03-19T11:09:04+00:00\",\"dateModified\":\"2024-06-16T08:04:33+00:00\",\"breadcrumb\":{\"@id\":\"https:\/\/www.norbou.com\/en\/kontakt\/#breadcrumb\"},\"inLanguage\":\"en-US\",\"potentialAction\":[{\"@type\":\"ReadAction\",\"target\":[\"https:\/\/www.norbou.com\/en\/kontakt\/\"]}]},{\"@type\":\"BreadcrumbList\",\"@id\":\"https:\/\/www.norbou.com\/en\/kontakt\/#breadcrumb\",\"itemListElement\":[{\"@type\":\"ListItem\",\"position\":1,\"name\":\"Dom\u016f\",\"item\":\"https:\/\/www.norbou.com\/en\/\"},{\"@type\":\"ListItem\",\"position\":2,\"name\":\"Contact\"}]},{\"@type\":\"WebSite\",\"@id\":\"https:\/\/www.norbou.com\/en\/#website\",\"url\":\"https:\/\/www.norbou.com\/en\/\",\"name\":\"Norbou ICT\",\"description\":\"Webdesign, WordPress, Webhosting, SEO, Webmastering, IT management, Data processing, Excel, Print, eBooks\",\"publisher\":{\"@id\":\"https:\/\/www.norbou.com\/en\/#organization\"},\"potentialAction\":[{\"@type\":\"SearchAction\",\"target\":{\"@type\":\"EntryPoint\",\"urlTemplate\":\"https:\/\/www.norbou.com\/en\/?s={search_term_string}\"},\"query-input\":{\"@type\":\"PropertyValueSpecification\",\"valueRequired\":true,\"valueName\":\"search_term_string\"}}],\"inLanguage\":\"en-US\"},{\"@type\":\"Organization\",\"@id\":\"https:\/\/www.norbou.com\/en\/#organization\",\"name\":\"Norbou\",\"url\":\"https:\/\/www.norbou.com\/en\/\",\"logo\":{\"@type\":\"ImageObject\",\"inLanguage\":\"en-US\",\"@id\":\"https:\/\/www.norbou.com\/en\/#\/schema\/logo\/image\/\",\"url\":\"https:\/\/mllfhzvijkwd.i.optimole.com\/cb:kiJh~1f23d\/w:auto\/h:auto\/q:mauto\/f:best\/https:\/\/www.norbou.com\/wp-content\/uploads\/logo-2018b-1.png\",\"contentUrl\":\"https:\/\/mllfhzvijkwd.i.optimole.com\/cb:kiJh~1f23d\/w:auto\/h:auto\/q:mauto\/f:best\/https:\/\/www.norbou.com\/wp-content\/uploads\/logo-2018b-1.png\",\"width\":652,\"height\":200,\"caption\":\"Norbou\"},\"image\":{\"@id\":\"https:\/\/www.norbou.com\/en\/#\/schema\/logo\/image\/\"}}]}<\/script>\n<!-- \/ Yoast SEO plugin. -->","yoast_head_json":{"title":"Contact - Norbou ICT","robots":{"index":"index","follow":"follow","max-snippet":"max-snippet:-1","max-image-preview":"max-image-preview:large","max-video-preview":"max-video-preview:-1"},"canonical":"https:\/\/www.norbou.com\/en\/kontakt\/","og_locale":"en_US","og_type":"article","og_title":"Contact - Norbou ICT","og_url":"https:\/\/www.norbou.com\/en\/kontakt\/","og_site_name":"Norbou ICT","article_modified_time":"2024-06-16T08:04:33+00:00","twitter_card":"summary_large_image","twitter_misc":{"Est. reading time":"3 minutes"},"schema":{"@context":"https:\/\/schema.org","@graph":[{"@type":"WebPage","@id":"https:\/\/www.norbou.com\/en\/kontakt\/","url":"https:\/\/www.norbou.com\/en\/kontakt\/","name":"Contact - Norbou ICT","isPartOf":{"@id":"https:\/\/www.norbou.com\/en\/#website"},"datePublished":"2014-03-19T11:09:04+00:00","dateModified":"2024-06-16T08:04:33+00:00","breadcrumb":{"@id":"https:\/\/www.norbou.com\/en\/kontakt\/#breadcrumb"},"inLanguage":"en-US","potentialAction":[{"@type":"ReadAction","target":["https:\/\/www.norbou.com\/en\/kontakt\/"]}]},{"@type":"BreadcrumbList","@id":"https:\/\/www.norbou.com\/en\/kontakt\/#breadcrumb","itemListElement":[{"@type":"ListItem","position":1,"name":"Dom\u016f","item":"https:\/\/www.norbou.com\/en\/"},{"@type":"ListItem","position":2,"name":"Contact"}]},{"@type":"WebSite","@id":"https:\/\/www.norbou.com\/en\/#website","url":"https:\/\/www.norbou.com\/en\/","name":"Norbou ICT","description":"Webdesign, WordPress, Webhosting, SEO, Webmastering, IT management, Data processing, Excel, Print, eBooks","publisher":{"@id":"https:\/\/www.norbou.com\/en\/#organization"},"potentialAction":[{"@type":"SearchAction","target":{"@type":"EntryPoint","urlTemplate":"https:\/\/www.norbou.com\/en\/?s={search_term_string}"},"query-input":{"@type":"PropertyValueSpecification","valueRequired":true,"valueName":"search_term_string"}}],"inLanguage":"en-US"},{"@type":"Organization","@id":"https:\/\/www.norbou.com\/en\/#organization","name":"Norbou","url":"https:\/\/www.norbou.com\/en\/","logo":{"@type":"ImageObject","inLanguage":"en-US","@id":"https:\/\/www.norbou.com\/en\/#\/schema\/logo\/image\/","url":"https:\/\/mllfhzvijkwd.i.optimole.com\/cb:kiJh~1f23d\/w:auto\/h:auto\/q:mauto\/f:best\/https:\/\/www.norbou.com\/wp-content\/uploads\/logo-2018b-1.png","contentUrl":"https:\/\/mllfhzvijkwd.i.optimole.com\/cb:kiJh~1f23d\/w:auto\/h:auto\/q:mauto\/f:best\/https:\/\/www.norbou.com\/wp-content\/uploads\/logo-2018b-1.png","width":652,"height":200,"caption":"Norbou"},"image":{"@id":"https:\/\/www.norbou.com\/en\/#\/schema\/logo\/image\/"}}]}},"uagb_featured_image_src":{"full":false,"thumbnail":false,"medium":false,"medium_large":false,"large":false,"1536x1536":false,"2048x2048":false},"uagb_author_info":{"display_name":"norbou","author_link":"https:\/\/www.norbou.com\/en\/author\/norbou\/"},"uagb_comment_info":0,"uagb_excerpt":null,"_links":{"self":[{"href":"https:\/\/www.norbou.com\/en\/wp-json\/wp\/v2\/pages\/5611","targetHints":{"allow":["GET"]}}],"collection":[{"href":"https:\/\/www.norbou.com\/en\/wp-json\/wp\/v2\/pages"}],"about":[{"href":"https:\/\/www.norbou.com\/en\/wp-json\/wp\/v2\/types\/page"}],"author":[{"embeddable":true,"href":"https:\/\/www.norbou.com\/en\/wp-json\/wp\/v2\/users\/1"}],"replies":[{"embeddable":true,"href":"https:\/\/www.norbou.com\/en\/wp-json\/wp\/v2\/comments?post=5611"}],"version-history":[{"count":3,"href":"https:\/\/www.norbou.com\/en\/wp-json\/wp\/v2\/pages\/5611\/revisions"}],"predecessor-version":[{"id":7259,"href":"https:\/\/www.norbou.com\/en\/wp-json\/wp\/v2\/pages\/5611\/revisions\/7259"}],"wp:attachment":[{"href":"https:\/\/www.norbou.com\/en\/wp-json\/wp\/v2\/media?parent=5611"}],"curies":[{"name":"wp","href":"https:\/\/api.w.org\/{rel}","templated":true}]}}