{"id":6163,"date":"2021-07-14T11:32:13","date_gmt":"2021-07-14T09:32:13","guid":{"rendered":"https:\/\/www.norbou.com\/privacy-policy\/"},"modified":"2025-11-27T15:34:02","modified_gmt":"2025-11-27T14:34:02","slug":"privacy-policy","status":"publish","type":"page","link":"https:\/\/www.norbou.com\/en\/privacy-policy\/","title":{"rendered":"Privacy &amp; Policy"},"content":{"rendered":"<header class=\"fl-post-header\" role=\"banner\">\n<h2 class=\"fl-post-title\">Who we are<\/h2>\n<\/header>\n<div class=\"fl-post-content clearfix\">\n<p><strong>Bc. Ji\u0159\u00ed Proch\u00e1zka<br \/>\n<\/strong>Kosteln\u00ed 24, Praha 7, 170&nbsp;00<br \/>\n\u010cesk\u00e1 republika<br \/>\nI\u010c: 69270881<\/p>\n<h2>What personal data we collect<\/h2>\n<h3>What data we collect from website users<\/h3>\n<ul>\n<li>Information you provide us when filling out forms on our site;<\/li>\n<li>if you contact us, we may keep a&nbsp;record of the correspondence;<\/li>\n<li>anonymous statistics of visits to our site and the domains from which readers come.<\/li>\n<\/ul>\n<h3>Cookies<\/h3>\n<ul>\n<li>This website does not use any or other methods of user identification such as closer links to social networks, flash cookies, web storage, image caching ID, canvas fingerprint. <\/li>\n<li>We do not use any third party cookies.<\/li>\n<li><a href=\"https:\/\/www.norbou.com\/zasady-cookies-eu\/\">Detailed information about cookies and preferences<\/a><\/li>\n<\/ul>\n<h2>What we do with the information we collect<\/h2>\n<ul>\n<li>keeping records internally;<\/li>\n<li>anonymised statistics are used to understand your needs so that we can improve the website and our services;<\/li>\n<li>evaluating that the content of our website is presented in the most effective way for you and your browser;<\/li>\n<\/ul>\n<h2>With whom we share your data<\/h2>\n<p>We do not share your information with anyone.<\/p>\n<h2>Embedded content from other websites<\/h2>\n<p>Articles on this site may contain embedded content (e.g. videos, images, articles, calendars, etc.). Embedded content from other websites behaves exactly the same as if the visitor had visited another website. This website may collect information about you, use cookies, embed other third party tracking, and track your interaction with this embedded content, including tracking your interaction with embedded content if you have an account and are logged in to this website.<\/p>\n<\/div>\n","protected":false},"excerpt":{"rendered":"<p>Who we are Bc. Ji\u0159\u00ed Proch\u00e1zka Kosteln\u00ed 24, Praha 7, 170&nbsp;00 \u010cesk\u00e1 republika I\u010c: 69270881 What personal data we collect What data we collect from website users Information you provide us when filling out forms on our site; if you contact us, we may keep a&nbsp;record of the correspondence; anonymous statistics of visits to our [&hellip;]<\/p>\n","protected":false},"author":1,"featured_media":0,"parent":0,"menu_order":0,"comment_status":"closed","ping_status":"closed","template":"","meta":{"_uag_custom_page_level_css":"","footnotes":""},"class_list":["post-6163","page","type-page","status-publish","hentry","post-wrapper"],"yoast_head":"<!-- This site is optimized with the Yoast SEO plugin v24.7 - https:\/\/yoast.com\/wordpress\/plugins\/seo\/ -->\n<title>Privacy &amp; Policy - Norbou ICT<\/title>\n<meta name=\"robots\" content=\"index, follow, max-snippet:-1, max-image-preview:large, max-video-preview:-1\" \/>\n<link rel=\"canonical\" href=\"https:\/\/www.norbou.com\/en\/privacy-policy\/\" \/>\n<meta property=\"og:locale\" content=\"en_US\" \/>\n<meta property=\"og:type\" content=\"article\" \/>\n<meta property=\"og:title\" content=\"Privacy &amp; Policy - Norbou ICT\" \/>\n<meta property=\"og:description\" content=\"Who we are Bc. Ji\u0159\u00ed Proch\u00e1zka Kosteln\u00ed 24, Praha 7, 170&nbsp;00 \u010cesk\u00e1 republika I\u010c: 69270881 What personal data we collect What data we collect from website users Information you provide us when filling out forms on our site; if you contact us, we may keep a&nbsp;record of the correspondence; anonymous statistics of visits to our\" \/>\n<meta property=\"og:url\" content=\"https:\/\/www.norbou.com\/en\/privacy-policy\/\" \/>\n<meta property=\"og:site_name\" content=\"Norbou ICT\" \/>\n<meta property=\"article:modified_time\" content=\"2025-11-27T14:34:02+00:00\" \/>\n<meta name=\"twitter:card\" content=\"summary_large_image\" \/>\n<meta name=\"twitter:label1\" content=\"Est. reading time\" \/>\n\t<meta name=\"twitter:data1\" content=\"2 minutes\" \/>\n<script type=\"application\/ld+json\" class=\"yoast-schema-graph\">{\"@context\":\"https:\/\/schema.org\",\"@graph\":[{\"@type\":\"WebPage\",\"@id\":\"https:\/\/www.norbou.com\/en\/privacy-policy\/\",\"url\":\"https:\/\/www.norbou.com\/en\/privacy-policy\/\",\"name\":\"Privacy &amp; Policy - Norbou ICT\",\"isPartOf\":{\"@id\":\"https:\/\/www.norbou.com\/en\/#website\"},\"datePublished\":\"2021-07-14T09:32:13+00:00\",\"dateModified\":\"2025-11-27T14:34:02+00:00\",\"breadcrumb\":{\"@id\":\"https:\/\/www.norbou.com\/en\/privacy-policy\/#breadcrumb\"},\"inLanguage\":\"en-US\",\"potentialAction\":[{\"@type\":\"ReadAction\",\"target\":[\"https:\/\/www.norbou.com\/en\/privacy-policy\/\"]}]},{\"@type\":\"BreadcrumbList\",\"@id\":\"https:\/\/www.norbou.com\/en\/privacy-policy\/#breadcrumb\",\"itemListElement\":[{\"@type\":\"ListItem\",\"position\":1,\"name\":\"Dom\u016f\",\"item\":\"https:\/\/www.norbou.com\/en\/\"},{\"@type\":\"ListItem\",\"position\":2,\"name\":\"Privacy &amp; Policy\"}]},{\"@type\":\"WebSite\",\"@id\":\"https:\/\/www.norbou.com\/en\/#website\",\"url\":\"https:\/\/www.norbou.com\/en\/\",\"name\":\"Norbou ICT\",\"description\":\"Webdesign, WordPress, Webhosting, SEO, Webmastering, IT management, Data processing, Excel, Print, eBooks\",\"publisher\":{\"@id\":\"https:\/\/www.norbou.com\/en\/#organization\"},\"potentialAction\":[{\"@type\":\"SearchAction\",\"target\":{\"@type\":\"EntryPoint\",\"urlTemplate\":\"https:\/\/www.norbou.com\/en\/?s={search_term_string}\"},\"query-input\":{\"@type\":\"PropertyValueSpecification\",\"valueRequired\":true,\"valueName\":\"search_term_string\"}}],\"inLanguage\":\"en-US\"},{\"@type\":\"Organization\",\"@id\":\"https:\/\/www.norbou.com\/en\/#organization\",\"name\":\"Norbou\",\"url\":\"https:\/\/www.norbou.com\/en\/\",\"logo\":{\"@type\":\"ImageObject\",\"inLanguage\":\"en-US\",\"@id\":\"https:\/\/www.norbou.com\/en\/#\/schema\/logo\/image\/\",\"url\":\"https:\/\/mllfhzvijkwd.i.optimole.com\/cb:kiJh~1f23d\/w:auto\/h:auto\/q:mauto\/f:best\/https:\/\/www.norbou.com\/wp-content\/uploads\/logo-2018b-1.png\",\"contentUrl\":\"https:\/\/mllfhzvijkwd.i.optimole.com\/cb:kiJh~1f23d\/w:auto\/h:auto\/q:mauto\/f:best\/https:\/\/www.norbou.com\/wp-content\/uploads\/logo-2018b-1.png\",\"width\":652,\"height\":200,\"caption\":\"Norbou\"},\"image\":{\"@id\":\"https:\/\/www.norbou.com\/en\/#\/schema\/logo\/image\/\"}}]}<\/script>\n<!-- \/ Yoast SEO plugin. -->","yoast_head_json":{"title":"Privacy &amp; Policy - Norbou ICT","robots":{"index":"index","follow":"follow","max-snippet":"max-snippet:-1","max-image-preview":"max-image-preview:large","max-video-preview":"max-video-preview:-1"},"canonical":"https:\/\/www.norbou.com\/en\/privacy-policy\/","og_locale":"en_US","og_type":"article","og_title":"Privacy &amp; Policy - Norbou ICT","og_description":"Who we are Bc. Ji\u0159\u00ed Proch\u00e1zka Kosteln\u00ed 24, Praha 7, 170&nbsp;00 \u010cesk\u00e1 republika I\u010c: 69270881 What personal data we collect What data we collect from website users Information you provide us when filling out forms on our site; if you contact us, we may keep a&nbsp;record of the correspondence; anonymous statistics of visits to our","og_url":"https:\/\/www.norbou.com\/en\/privacy-policy\/","og_site_name":"Norbou ICT","article_modified_time":"2025-11-27T14:34:02+00:00","twitter_card":"summary_large_image","twitter_misc":{"Est. reading time":"2 minutes"},"schema":{"@context":"https:\/\/schema.org","@graph":[{"@type":"WebPage","@id":"https:\/\/www.norbou.com\/en\/privacy-policy\/","url":"https:\/\/www.norbou.com\/en\/privacy-policy\/","name":"Privacy &amp; Policy - Norbou ICT","isPartOf":{"@id":"https:\/\/www.norbou.com\/en\/#website"},"datePublished":"2021-07-14T09:32:13+00:00","dateModified":"2025-11-27T14:34:02+00:00","breadcrumb":{"@id":"https:\/\/www.norbou.com\/en\/privacy-policy\/#breadcrumb"},"inLanguage":"en-US","potentialAction":[{"@type":"ReadAction","target":["https:\/\/www.norbou.com\/en\/privacy-policy\/"]}]},{"@type":"BreadcrumbList","@id":"https:\/\/www.norbou.com\/en\/privacy-policy\/#breadcrumb","itemListElement":[{"@type":"ListItem","position":1,"name":"Dom\u016f","item":"https:\/\/www.norbou.com\/en\/"},{"@type":"ListItem","position":2,"name":"Privacy &amp; Policy"}]},{"@type":"WebSite","@id":"https:\/\/www.norbou.com\/en\/#website","url":"https:\/\/www.norbou.com\/en\/","name":"Norbou ICT","description":"Webdesign, WordPress, Webhosting, SEO, Webmastering, IT management, Data processing, Excel, Print, eBooks","publisher":{"@id":"https:\/\/www.norbou.com\/en\/#organization"},"potentialAction":[{"@type":"SearchAction","target":{"@type":"EntryPoint","urlTemplate":"https:\/\/www.norbou.com\/en\/?s={search_term_string}"},"query-input":{"@type":"PropertyValueSpecification","valueRequired":true,"valueName":"search_term_string"}}],"inLanguage":"en-US"},{"@type":"Organization","@id":"https:\/\/www.norbou.com\/en\/#organization","name":"Norbou","url":"https:\/\/www.norbou.com\/en\/","logo":{"@type":"ImageObject","inLanguage":"en-US","@id":"https:\/\/www.norbou.com\/en\/#\/schema\/logo\/image\/","url":"https:\/\/mllfhzvijkwd.i.optimole.com\/cb:kiJh~1f23d\/w:auto\/h:auto\/q:mauto\/f:best\/https:\/\/www.norbou.com\/wp-content\/uploads\/logo-2018b-1.png","contentUrl":"https:\/\/mllfhzvijkwd.i.optimole.com\/cb:kiJh~1f23d\/w:auto\/h:auto\/q:mauto\/f:best\/https:\/\/www.norbou.com\/wp-content\/uploads\/logo-2018b-1.png","width":652,"height":200,"caption":"Norbou"},"image":{"@id":"https:\/\/www.norbou.com\/en\/#\/schema\/logo\/image\/"}}]}},"uagb_featured_image_src":{"full":false,"thumbnail":false,"medium":false,"medium_large":false,"large":false,"1536x1536":false,"2048x2048":false},"uagb_author_info":{"display_name":"norbou","author_link":"https:\/\/www.norbou.com\/en\/author\/norbou\/"},"uagb_comment_info":0,"uagb_excerpt":"Who we are Bc. Ji\u0159\u00ed Proch\u00e1zka Kosteln\u00ed 24, Praha 7, 170&nbsp;00 \u010cesk\u00e1 republika I\u010c: 69270881 What personal data we collect What data we collect from website users Information you provide us when filling out forms on our site; if you contact us, we may keep a&nbsp;record of the correspondence; anonymous statistics of visits to our&hellip;","_links":{"self":[{"href":"https:\/\/www.norbou.com\/en\/wp-json\/wp\/v2\/pages\/6163","targetHints":{"allow":["GET"]}}],"collection":[{"href":"https:\/\/www.norbou.com\/en\/wp-json\/wp\/v2\/pages"}],"about":[{"href":"https:\/\/www.norbou.com\/en\/wp-json\/wp\/v2\/types\/page"}],"author":[{"embeddable":true,"href":"https:\/\/www.norbou.com\/en\/wp-json\/wp\/v2\/users\/1"}],"replies":[{"embeddable":true,"href":"https:\/\/www.norbou.com\/en\/wp-json\/wp\/v2\/comments?post=6163"}],"version-history":[{"count":3,"href":"https:\/\/www.norbou.com\/en\/wp-json\/wp\/v2\/pages\/6163\/revisions"}],"predecessor-version":[{"id":7446,"href":"https:\/\/www.norbou.com\/en\/wp-json\/wp\/v2\/pages\/6163\/revisions\/7446"}],"wp:attachment":[{"href":"https:\/\/www.norbou.com\/en\/wp-json\/wp\/v2\/media?parent=6163"}],"curies":[{"name":"wp","href":"https:\/\/api.w.org\/{rel}","templated":true}]}}